{"id":19981,"date":"2020-07-21T15:11:39","date_gmt":"2020-07-21T19:11:39","guid":{"rendered":"http:\/\/matralab.hexagram.ca\/research\/ensembles\/extrakte\/?page_id=19981"},"modified":"2021-11-18T15:55:12","modified_gmt":"2021-11-18T20:55:12","slug":"konzerte-2","status":"publish","type":"page","link":"https:\/\/matralab.hexagram.ca\/research\/ensembles\/extrakte\/?page_id=19981","title":{"rendered":"Konzerte"},"content":{"rendered":"\n<br><br><br>\n\n<style>\n* {box-sizing: border-box}\nbody {font-family: Verdana, sans-serif; margin:0}\n.mySlides {display: none}\nimg {vertical-align: middle;}\n\n\/* Slideshow container *\/\n.slideshow-container {\n  max-width: 1000px;\n  position: relative;\n  margin: auto;\n}\n\n\/* Next & previous buttons *\/\n.prev, .next {\n  cursor: pointer;\n  position: absolute;\n  top: 50%;\n  width: auto;\n  padding: -12px;\n  margin-top: -22px;\n  color: white;\n  font-weight: bold;\n  font-size: 18px;\n  transition: 0.6s ease;\n  border-radius: 0 3px 3px 0;\n  user-select: none;\n}\n\n\/* Position the \"next button\" to the right *\/\n.next {\n  right: 0;\n  border-radius: 3px 0 0 3px;\n}\n\n\/* On hover, add a black background color with a little bit see-through *\/\n.prev:hover, .next:hover {\n  background-color: rgba(0,0,0,0.8);\n}\n\n\/* Caption text *\/\n.text {\n  font-family: Muli, Helvetica, Arial, sans-serif;\n  font-size: 13px;\n  padding-left: 50px;\n  position: absolute;\n  top: 10px;\n  width: 85%;\n  text-align: left!important;\n}\n\n\/* Number text (1\/3 etc) *\/\n.numbertext {\n  color: #000;\n    font-size: 15px;\n    padding: 0px 100px 0px 50px;\n    position: absolute;\n    top: -19px;\n}\n\n\/* The dots\/bullets\/indicators *\/\n.dot {\n  cursor: pointer;\n  height: 0px;\n  width: 0px;\n  margin: 0 2px;\n  background-color: #bbbbbb00;\n  border-radius: 50%;\n  display: inline-block;\n  transition: background-color 0.6s ease;\n}\n\n.active, .dot:hover {\n  background-color: #717171;\n}\n\n\/* Fading animation *\/\n.fade {\n  -webkit-animation-name: fade;\n  -webkit-animation-duration: 1.5s;\n  animation-name: fade;\n  animation-duration: 1.5s;\n}\n\n@-webkit-keyframes fade {\n  from {opacity: .4} \n  to {opacity: 1}\n}\n\n@keyframes fade {\n  from {opacity: .4} \n  to {opacity: 1}\n}\n\n\/* On smaller screens, decrease text size *\/\n@media only screen and (max-width: 300px) {\n  .prev, .next,.text {font-size: 11px}\n}\n<\/style>\n\n\n\n<div class=\"slideshow-container\">\n\n<div class=\"mySlides fade\">\n<div class=\"numbertext\">2021<\/div>\n  \n<div class=\"text\">\n<br><br>\n25. und 26. September 2021\n<br><br>\nASED (&#8230; gegenstr\u00f6men&#8230;)\n<br><br>\nKonzertinstallation (2 Tage) im H\u00f6rraum des Phonogrammarchivs, Ethnologisches Museum Berlin, Humboldt Forum\n<br><br>\nMusiker: Siaman Vongayan (traditional Lan Yu song) \/ Deniza Popova, Bulgarian vocals \/ Eva Glasmacher, soprano \/ Naoko Kikuchi, koto \/ Lucy Zhao, pipa\/ Elshan Ghasimi, tar, voice \/ Wu Wei, sheng, erhu \/ Ravi Srinivasan, khayal, tabla, percussion etc. \/ S\u00f6ren Birke, harmonica, khaen, mouth harp, duduk etc. \/ Gregor Schulenburg, flutes, kyotaku, duduk \/ Klaus Janek, bass. \/ Gebr\u00fcder Teichmann, live electronics\n<br><br>\n<a href=\"http:\/\/matralab.hexagram.ca\/projects\/ased-countercurrents\/\" target=\"_blank\" rel=\"noopener noreferrer\">Link zur Webseite: [Ased&#8230; counter-currents]<\/a>\n<\/div>\n<\/div>\n\n<div class=\"mySlides fade\">\n<div class=\"numbertext\">2019<\/div>\n  \n<div class=\"text\">\n<br><br>\n10. und 11. Januar 2019\n<br><br>\nLISTEN [Miyagi Haikus]\n<br>\nHaus der Kulturen der Welt, Berlin\n<br>\nKonzerte und Roundtables im Rahmen des Projektes DAS NEUE ALPHABET\n<br><br>\nDrei Ensembles \u2013 ENSEMBLE EXTRAKTE, N.Y.-TRIO (Peter Evans, David Taylor Felix Del Tredici), OPEN MUSIC QUARTET (Felix Borel, Scott Roller, J\u00fcrgen Kruse, Michael Kiedaisch und TRIO Jieun Kang, Gabriel Dharmoo, Matthias Bauer + Orchesterversion mit allen Musikern zusammen\n<br><br>\nLesungen von Yoko Tawada, Yang Lian und Christian Filips\nKonzeption, Komposition und Dirigat: Sandeep Bhagwati\n<br><br>\n1. Februar 2019\n<br><br>\n[Tradition(en): Zerlegt &amp; Zusammen: Gesetz]\n<br>\nExploratorium, Berlin\n<br><br>\nKonzert und Gespr\u00e4ch\n<br>\nFebruar 2019\n<br><br>\nITERATIONS \u2013 resonant responses to a live-concert\n<br><br>\nCD-Produktion auf dem Label Festplatten\n<br><br>\nEnsemble Extrakte und Gebr\u00fcder Teichmann\n<br><br>\n1 OPEN END \u2013 2 MOTH2 \u2013 3 RENDER THE FORM \u2013 4 EXTRAKT 1 \u2013 5 AN AMORPHOUS CLOUD \u2013 6 MODULATION RING 1 \u2013 7 MODULATION RING 2 \u2013 8 SHIFTING MECHANISMS \u2013 9 CULTURES ARE ABSTRACT MACHINES \u2013 10 LOOP.REPETION.LOOP \u2013 11 FILTER\/NOISE \u2013 12 TWISTS AND TURNS \u2013 13 IMPRESSION 1  \u2013 14 LAYER \u2013 15 EXTRACT 2 \u2013 16 END OPEN\n<br><br>\n30. September 19:00 Uhr \n<br><br>\nclaiming no heritage\n<br>\nacud macht neu\n<br><br>\nKonzert im Rahmen von Field Notes\nEnsemble LUX:NM + ENSEMBLE EXTRAKTE\n<\/div>\n<\/div>\n\n<div class=\"mySlides fade\">\n<div class=\"numbertext\">2018<\/div>\n    \n<div class=\"text\">\n<br><br>\n12. und 13. Juli 2018\n<br><br>\nIMROVISATION. PHILOSOPHICAL RE-SCRIPTIONS\nMaschinenhaus, Kulturbrauerei, Berlin\n<br><br>\nKonferenz und Konzerte u.a. mit Musikern von Ensemble Extrakte\nVeranstaltet durch das Institute for Critical Theory (Zurich University of Arts),\nProf. Dieter Mersch und matralab (Concordia University Montr\u00e9al), Prof. Sandeep Bhagwati\n<br><br>\nMitwirkende PHILOSOPHIE: Daniel Martin Feige, Akademie der bildenden K\u00fcnste Stuttgart; Silvana Figueroa-Dreher, Universit\u00e4t Konstanz; Aaron Finbloom, Concordia University; Reinhard Gagel, Exploratorium Berlin; Fabian Goppelsr\u00f6der, Freie Universit\u00e4t Berlin; Christian Gr\u00fcny, Universit\u00e4t Witten-Herdecke; Sebastian Kiefer, Researcher, Berlin; Simone Mahrenholz, University of Manitoba, Winnipeg; Matthias Mashat, Exploratorium Berlin; Michael Mayer, Universit\u00e4t Konstanz; Dieter Mersch, Zurich University of the Arts; Gary Peters, University of York; J\u00f6rg Sternagel, Zurich University of the Arts\n<br><br>\nMitwirkende IMPROVISATION\/COMPOSITION: Sandeep Bhagwati, Comprovisation, Montr\u00e9al; Joseph A Browne, Live-Electronics, Montr\u00e9al; Alexandra Cardenas, Live-Coding, Berlin; Christopher Dell, Percussion, Berlin; Felix Del Tredici, Bass Trombone, Montr\u00e9al; Alexander Hawkins, Piano, London; Sylvia Hinz, Recorders, Berlin; Carl Ludwig H\u00fcbsch, Tuba, K\u00f6ln; Klaus Janek, Bass, Berlin; Isabel Mundry, Composer, Z\u00fcrich; Lucas Niggli, Percussion, Z\u00fcrich; Deniz Peters, Piano, Graz; Simon Rose Saxes, Berlin; Farhan Sabbagh, Ud, Riqq, Berlin; Gebr\u00fcder Teichmann, Live-Electronics, Berlin\n<\/div>\n<\/div>\n\n<div class=\"mySlides fade\">\n<div class=\"numbertext\">2017<\/div>\n    \n<div class=\"text\">\n<br><br>\n9. Dezember 2017 \n<br><br>\nZUNGENMUSIK\n<br>\nRadialsystem V, Berlin\n<br><br>\nKonzerteinf\u00fchrung +  Konzerte mit AsianArt Ensemble (DE), Ensemble Extrakte (DE), Ensemble Reconsil (AUT), Omnibus Ensemble (UZB), The Six Tones Ensemble (VNM) + Symposium TURBULENCES \u2013 NEW ROOTS FOR NEW MUSIC (kuratiert von Sandeep Bhagwati)\n<br><br>\nIm Rahmen des Festivals TURBULENZEN. Gef\u00f6rdert durch den Hauptstadtkultur-fonds. In Zusammenarbeit mit matralab Concordia University Montr\u00e9al. Mit gro\u00dfz\u00fcgiger Unterst\u00fctzung des Fonds Qu\u00e9becois de Recherche \u2013 Science et Culture (FRQSC). \n<br><br>\nM\u00e4rz bis Mai 2017 CD-PRODUKTIONEN VON ENSEMBLE EXTRAKTE\n<br><br>\nTREATISES On Trans-Traditional Aesthetics\n<br><br>\nCD-Produktion auf dem Label DreyerGaido\n<br><br>\n1 ON SPEED \u2013 2 ON DIFFERENCE \u2013 3 ON CONNECTION \u2013 4 ON RELATIONALITY \u2013 5 On Con-fluence \u2013 6 ON RESILIENCE \u2013 7 ON RUPTURE \u2013 8 ON ALIGNMENT \u2013 9 ON TOGETHERNESS \u2013 10 ON MEMORY\u2013 11 ON RICTION \u2013 12 ON ATTENTION \u2013 13 ON NOSTALGIA\n<\/div>\n<\/div>\n\n<div class=\"mySlides fade\">\n<div class=\"numbertext\">2015<\/div>\n    \n<div class=\"text\">\n<br><br>\n17. Juni 2015\n<br><br>\nWHITE [SUTRAS &amp;CATALOGUES]\n<br>\nKunsthaus KuLe, Berlin\n<br><br>\nMit Unterst\u00fctzung durch Fonds Qu\u00e9becois de Recherche \u2013 Science et Culture (FRQSC).\n<br><br>\nAlle Kompositionen und Komprovisationskonzepte von Sandeep Bhagwati mit Ausnahme von \u201aCatalogue of Blue\u2019 (Cathy Milliken). Musik und Komprovisationen von Ensemble Extrakte. \n<br><br>\n13. Dezember 2015 \n<br><br>\nRE-FRAMINGS\nKunsthaus KuLe, Berlin\n<br><br>\nMit Unterst\u00fctzung durch Fonds Qu\u00e9becois de Recherche \u2013 Science et Culture.\n<br><br>\nAlle Kompositionen und Komprovisationskonzepte von Sandeep Bhagwati. Musik und Komprovisationen von Ensemble Extrakte.\n<br><br>\n<\/div>\n<\/div>\n\n<div class=\"mySlides fade\">\n<div class=\"numbertext\">2014<\/div>\n    \n<div class=\"text\">\n<br><br>\n16. Februar 2014\n<br><br>\nKlangSprachenGeflechte\n<br>\nJohannes Evangelist Kirche, Berlin\n<br><br>\nKonzert und Roundtable im Rahmen des Festivals EthnoCity anl\u00e4\u00dflich der Gr\u00fcndung des internationalen Institutes f\u00fcr Traditionelle Musik vor 50 Jahren (1963)\n<br>\nEine Kooperation der Gesellschaft f\u00fcr Traditionelle Musik e.V. mit dem Ethnologischen Museum\/Phonogramm-Archiv Berlin, der Global Music Academy Berlin, Piranha Kultur GmbH und x-tract-production.\n<br><br>\nKompositionen und Komprovisationen von Sandeep Bhagwati\n<br><br>\n14. November 2014\n<br><br>\nITERATIONEN\n<br>\nRadialsystem V, Berlin\n<br><br>\nIm Rahmen des Festivals faithful! Treue und Verrat der musikalischen Interpretation (Kuratorin Elke Moltrecht) vom 13. bis 23. November 2014Gef\u00f6rdert durch den Hauptstadtkulturfonds. Die k\u00fcnstlerische Forschung des Ensembles Extrakte wurde unterst\u00fctzt von matralab Montr\u00e9al und dem Fonds de Recherche de Quebec \u2013 Soci\u00e9t\u00e9 et Culture (FRQSC)\n<br><br>\nBerlin in den 90er Jahren \u2013 eine Hauptstadt der Loops &amp; Beats: nirgendwo sonst wurden die Kl\u00e4nge und Architekturen elektronischer Clubmusik so intensiv, varianten und einfallsreich erkundet und zu einzigartiger Qualit\u00e4t entwickelt. Ensemble Extrakte interpretierte in diesem Projekt diese &#8220;historische&#8221; elektronische Musik Berlins aufs Neue \u2013 abgelauscht und neu entwickelt von akustischen Musikern aus ganz anderen Kontexten: denn in traditionellen und artifiziellen Musiken Indiens, Chinas, Ghanas, haben Loops und Beats oft ganz andere Ziele als Trance und Tanz, spielt der Umgang mit Klang eine andere Rolle, wollen die Architekturen der Musik oft anderswohin. Aber auch die eurologische Neue Musik kennt Wiederholung, Iteration, Reihung als stilistische Techniken. Wie kl\u00e4nge experimentelle Clubmusik der 90er durch die Filter so verschiedener Musikkulturen? In einem ununterbrochenen, ca. 60-min\u00fctigen Klangstrom, auf der Basis eines 1990s-Remix-Sets der Berliner Gebr\u00fcder Teichmann, durchreiste das Ensemble Extrakte in diesem Konzert verschiedenste kulturelle Landschaften geloopter Musik, setzte sich verzwickten Beats aus und testete, wie Klangfiguren und Gesten akustischer Instrumente wie Sheng, Duduk, Oboe, Ud, Daegum, Erhu etc. uns den Fluss, den Klang und das Feeling orthodoxer Techno-Architekturen neu erleben lassen k\u00f6nnen.\n<br><br>\n<!--\nNovember 14, 2014\n<br>\n\u201cIterations\u201d \u2013 RADIALSYSTEM V \u2013 Berlin\n<br>\nVideo | Score\n<br><br>\nFebruary 16, 2014\n<br>\n\u201cKlangSprachenGeflechte\u201d \u2013 Johannes Evangelist Kirche \u2013 Berlin\n<br>\nAudio | Photo | Program\n<br><br>\nJanuary 27, 2014\n<br>\n\u201cDeb\u00fctkonzert\u201d \u2013 Kulturstall Britz \u2013 Berlin\n<br><br>\n-->\n<\/div>\n<\/div>\n<div class=\"mySlides fade\">\n<div class=\"numbertext\">2013<\/div>\n    \n<div class=\"text\">\n<br><br>\n27. Januar 2013\n<br><br>\nDEB\u00dcTKONZERT Musikalische Traditionen versus Ann\u00e4herungen: Experimente f\u00fcr Gegenwart und Zukunft\nKulturstall Schloss Britz, Berlin\n<br><br>\nIm Rahmen des Jazzfest Neuk\u00f6lln vom 25. bis 27. Januar 2013.\n<br>\nIn Kooperation mit der Musikschule Neuk\u00f6lln.\n<br><br>\nWorkshops mit Amelia Cuni und Farhan Sabbagh\n<br><br>\nProgramm: RASAS \u2013 MIYAGI HAIKUS \u2013 RIVES &amp; D\u00c9RIVES\n<br><br>\n14. + 15. November 2013\n<br>\nMusiksalon Berlin: 50 Jahre IITM: Projekt f\u00fcr transtraditionelle Musik\n<br>\nVortragssaal des Ethnologischen Museums\n<br><br>\nKonzerte + Roundtables\n<br><br>\nMit: Ensemble Extrakte, Ashok Pathak, Amelia Cuni, Werner Durand, DJ Zhao u.a.\n<br><br>\nAnl\u00e4sslich des 50j\u00e4hrigen Gr\u00fcndungsjubil\u00e4ums des Instituts f\u00fcr Traditionelle Musik (IITM) in Berlin durch Alain Dani\u00e9lou veranstaltet das Ethnologische Museum Berlin in seiner Reihe MUSIKSALON BERLIN zwei Abende mit traditioneller sowie mit neuer Musik und Einfl\u00fcssen aus traditionellen Musikstilen. Erg\u00e4nzt werden die Konzertveranstaltungen durch einen.\n<br><br>\nProgramm: MIYAGI HAIKU \u2013 PARDESI PANCHHI \u2013 MIYAGI HAIKUS \u2013 AWZAN ANAHATA \u2013 MIYAGI HAIKU \u2013 PI TAAL \u2013 MIYAGI HAIKUS \u2013 AWZAN ANAHATA\n<br><br>\n<\/div>\n<\/div>\n\n<a class=\"prev\" onclick=\"plusSlides(-1)\">\u276e<\/a>\n<a class=\"next\" onclick=\"plusSlides(1)\">\u276f<\/a>\n\n<\/div>\n<br>\n\n\n<script>\nvar slideIndex = 1;\nshowSlides(slideIndex);\n\nfunction plusSlides(n) {\n  showSlides(slideIndex += n);\n}\n\nfunction currentSlide(n) {\n  showSlides(slideIndex = n);\n}\n\nfunction showSlides(n) {\n  var i;\n  var slides = document.getElementsByClassName(\"mySlides\");\n  var dots = document.getElementsByClassName(\"dot\");\n  if (n > slides.length) {slideIndex = 1}    \n  if (n < 1) {slideIndex = slides.length}\n  for (i = 0; i < slides.length; i++) {\n      slides[i].style.display = \"none\";  \n  }\n  for (i = 0; i < dots.length; i++) {\n      dots[i].className = dots[i].className.replace(\" active\", \"\");\n  }\n  slides[slideIndex-1].style.display = \"block\";  \n  dots[slideIndex-1].className += \" active\";\n}\n<\/script>\n","protected":false},"excerpt":{"rendered":"<p>2021 25. und 26. September 2021 ASED (&#8230; gegenstr\u00f6men&#8230;) Konzertinstallation (2 Tage) im H\u00f6rraum des Phonogrammarchivs, Ethnologisches Museum Berlin, Humboldt Forum Musiker: Siaman Vongayan (traditional Lan Yu song) \/ Deniza Popova, Bulgarian vocals \/ Eva Glasmacher, soprano \/ Naoko Kikuchi, koto \/ Lucy Zhao, pipa\/ Elshan Ghasimi, tar, voice \/ Wu Wei, sheng, erhu \/ [&hellip;]<\/p>\n","protected":false},"author":5,"featured_media":0,"parent":18766,"menu_order":0,"comment_status":"closed","ping_status":"closed","template":"","meta":[],"_links":{"self":[{"href":"https:\/\/matralab.hexagram.ca\/research\/ensembles\/extrakte\/index.php?rest_route=\/wp\/v2\/pages\/19981"}],"collection":[{"href":"https:\/\/matralab.hexagram.ca\/research\/ensembles\/extrakte\/index.php?rest_route=\/wp\/v2\/pages"}],"about":[{"href":"https:\/\/matralab.hexagram.ca\/research\/ensembles\/extrakte\/index.php?rest_route=\/wp\/v2\/types\/page"}],"author":[{"embeddable":true,"href":"https:\/\/matralab.hexagram.ca\/research\/ensembles\/extrakte\/index.php?rest_route=\/wp\/v2\/users\/5"}],"replies":[{"embeddable":true,"href":"https:\/\/matralab.hexagram.ca\/research\/ensembles\/extrakte\/index.php?rest_route=%2Fwp%2Fv2%2Fcomments&post=19981"}],"version-history":[{"count":16,"href":"https:\/\/matralab.hexagram.ca\/research\/ensembles\/extrakte\/index.php?rest_route=\/wp\/v2\/pages\/19981\/revisions"}],"predecessor-version":[{"id":20295,"href":"https:\/\/matralab.hexagram.ca\/research\/ensembles\/extrakte\/index.php?rest_route=\/wp\/v2\/pages\/19981\/revisions\/20295"}],"up":[{"embeddable":true,"href":"https:\/\/matralab.hexagram.ca\/research\/ensembles\/extrakte\/index.php?rest_route=\/wp\/v2\/pages\/18766"}],"wp:attachment":[{"href":"https:\/\/matralab.hexagram.ca\/research\/ensembles\/extrakte\/index.php?rest_route=%2Fwp%2Fv2%2Fmedia&parent=19981"}],"curies":[{"name":"wp","href":"https:\/\/api.w.org\/{rel}","templated":true}]}}